{"id":1326,"date":"2025-10-26T17:02:49","date_gmt":"2025-10-26T17:02:49","guid":{"rendered":"https:\/\/limegreen-emu-310413.hostingersite.com\/services\/"},"modified":"2025-11-01T15:33:11","modified_gmt":"2025-11-01T15:33:11","slug":"services","status":"publish","type":"page","link":"https:\/\/leafstudio3d.com.br\/?page_id=1326","title":{"rendered":"Services"},"content":{"rendered":"\n<div class=\"wp-block-uagb-container uagb-block-ae0bc409 alignfull uagb-is-root-container\"><div class=\"uagb-container-inner-blocks-wrap\">\n<div class=\"wp-block-uagb-advanced-heading uagb-block-8a1eebc0\"><h1 class=\"uagb-heading-text\">Nossos Servi\u00e7os<\/h1><\/div>\n<\/div><\/div>\n\n\n\n<div class=\"wp-block-uagb-container uagb-block-6999b479 alignfull uagb-is-root-container\"><div class=\"uagb-container-inner-blocks-wrap\">\n<div class=\"wp-block-uagb-container uagb-block-788ba4c8\">\n<div class=\"wp-block-uagb-image alignright uagb-block-f790ce5a wp-block-uagb-image--layout-default wp-block-uagb-image--effect-static wp-block-uagb-image--align-right\"><figure class=\"wp-block-uagb-image__figure\"><img decoding=\"async\" srcset=\"https:\/\/leafstudio3d.com.br\/wp-content\/uploads\/2025\/10\/CONCURSO-04-AGOSTO-FINAL-240x300.jpg ,https:\/\/leafstudio3d.com.br\/wp-content\/uploads\/2025\/10\/CONCURSO-04-AGOSTO-FINAL-scaled.jpg 780w, https:\/\/leafstudio3d.com.br\/wp-content\/uploads\/2025\/10\/CONCURSO-04-AGOSTO-FINAL-scaled.jpg 360w\" sizes=\"auto, (max-width: 480px) 150px\" src=\"https:\/\/leafstudio3d.com.br\/wp-content\/uploads\/2025\/10\/CONCURSO-04-AGOSTO-FINAL-240x300.jpg\" alt=\"CONCURSO 04 AGOSTO FINAL 240x300\" class=\"uag-image-1402\" width=\"370\" height=\"500\" title=\"CONCURSO 04 - AGOSTO - FINAL\" loading=\"lazy\" role=\"img\"><\/figure><\/div>\n<\/div>\n\n\n\n<div class=\"wp-block-uagb-container uagb-block-55f27f39\">\n<div class=\"wp-block-uagb-info-box uagb-block-309bf170 uagb-infobox__content-wrap  uagb-infobox-icon-above-title uagb-infobox-image-valign-top wp-block-uagb-info-box--has-margin\"><div class=\"uagb-infobox-margin-wrapper\"><div class=\"uagb-ifb-content\"><div class=\"uagb-ifb-title-wrap\"><h4 class=\"uagb-ifb-title-prefix\">IMAGENS REALISTAS<\/h4><p class=\"uagb-ifb-title\">.<\/p><\/div><p class=\"uagb-ifb-desc\">D\u00ea vida aos seus projetos com imagens 3D de alta fidelidade. Nossas renderiza\u00e7\u00f5es realistas capturam cada detalhe \u2014 luz, textura e atmosfera \u2014 transmitindo emo\u00e7\u00e3o e valor ao seu empreendimento. Ideal para apresenta\u00e7\u00f5es, campanhas e vendas imobili\u00e1rias.<\/p><\/div><\/div><\/div>\n<\/div>\n<\/div><\/div>\n\n\n\n<div class=\"wp-block-uagb-container uagb-block-a1c5c5cb alignfull uagb-is-root-container\"><div class=\"uagb-container-inner-blocks-wrap\">\n<div class=\"wp-block-uagb-container uagb-block-ffd0d737\">\n<div class=\"wp-block-uagb-image alignright uagb-block-f2a72ff6 wp-block-uagb-image--layout-default wp-block-uagb-image--effect-static wp-block-uagb-image--align-right\"><figure class=\"wp-block-uagb-image__figure\"><img decoding=\"async\" srcset=\"https:\/\/leafstudio3d.com.br\/wp-content\/uploads\/2025\/10\/FINAL-02-r01-scaled-e1761521434887-832x1024.jpg ,https:\/\/leafstudio3d.com.br\/wp-content\/uploads\/2025\/10\/FINAL-02-r01-scaled-e1761521434887.jpg 780w, https:\/\/leafstudio3d.com.br\/wp-content\/uploads\/2025\/10\/FINAL-02-r01-scaled-e1761521434887.jpg 360w\" sizes=\"auto, (max-width: 480px) 150px\" src=\"https:\/\/leafstudio3d.com.br\/wp-content\/uploads\/2025\/10\/FINAL-02-r01-scaled-e1761521434887-832x1024.jpg\" alt=\"FINAL 02 R01 Scaled E1761521434887 832x1024\" class=\"uag-image-1399\" width=\"370\" height=\"500\" title=\"FINAL-02-r01\" loading=\"lazy\" role=\"img\"><\/figure><\/div>\n<\/div>\n\n\n\n<div class=\"wp-block-uagb-container uagb-block-16d72286\">\n<div class=\"wp-block-uagb-info-box uagb-block-3f27e1af uagb-infobox__content-wrap  uagb-infobox-icon-above-title uagb-infobox-image-valign-top\"><div class=\"uagb-ifb-content\"><div class=\"uagb-ifb-title-wrap\"><h4 class=\"uagb-ifb-title-prefix\">TOUR 360\u00ba<\/h4><p class=\"uagb-ifb-title\">Proporcione uma experi\u00eancia imersiva e interativa aos seus clientes. Com o tour 360\u00ba, \u00e9 poss\u00edvel explorar cada ambiente como se estivesse dentro dele, facilitando a visualiza\u00e7\u00e3o e decis\u00e3o de compra. Tecnologia que transforma seu projeto em uma viv\u00eancia completa.<\/p><\/div><\/div><\/div>\n\n\n\n<div class=\"wp-block-uagb-info-box uagb-block-4182a82b uagb-infobox__content-wrap  uagb-infobox-icon-above-title uagb-infobox-image-valign-top\"><div class=\"uagb-ifb-content\"><div class=\"uagb-ifb-title-wrap\"><\/div><\/div><\/div>\n<\/div>\n<\/div><\/div>\n\n\n\n<div class=\"wp-block-uagb-container uagb-block-d93bf905 alignfull uagb-is-root-container\"><div class=\"uagb-container-inner-blocks-wrap\">\n<div class=\"wp-block-uagb-container uagb-block-2e5edda1\">\n<div class=\"wp-block-uagb-image alignright uagb-block-5c89f075 wp-block-uagb-image--layout-default wp-block-uagb-image--effect-static wp-block-uagb-image--align-right\"><figure class=\"wp-block-uagb-image__figure\"><img decoding=\"async\" srcset=\"https:\/\/leafstudio3d.com.br\/wp-content\/uploads\/2025\/10\/01-final-3-e1761521522597.jpg ,https:\/\/leafstudio3d.com.br\/wp-content\/uploads\/2025\/10\/01-final-3-e1761521522597.jpg 780w, https:\/\/leafstudio3d.com.br\/wp-content\/uploads\/2025\/10\/01-final-3-e1761521522597.jpg 360w\" sizes=\"auto, (max-width: 480px) 150px\" src=\"https:\/\/leafstudio3d.com.br\/wp-content\/uploads\/2025\/10\/01-final-3-e1761521522597.jpg\" alt=\"01 final\" class=\"uag-image-2812\" width=\"370\" height=\"500\" title=\"01 final\" loading=\"lazy\" role=\"img\"\/><\/figure><\/div>\n<\/div>\n\n\n\n<div class=\"wp-block-uagb-container uagb-block-63b34e8a\">\n<div class=\"wp-block-uagb-info-box uagb-block-5a362367 uagb-infobox__content-wrap  uagb-infobox-icon-above-title uagb-infobox-image-valign-top\"><div class=\"uagb-ifb-content\"><div class=\"uagb-ifb-title-wrap\"><h4 class=\"uagb-ifb-title-prefix\">ANIMA\u00c7\u00d5ES DE IMPACTO<\/h4><p class=\"uagb-ifb-title\">Mostre o potencial do seu projeto em movimento. Criamos anima\u00e7\u00f5es 3D envolventes que destacam a arquitetura, o design e a ambienta\u00e7\u00e3o com fluidez e realismo. Perfeitas para v\u00eddeos de lan\u00e7amento, redes sociais e apresenta\u00e7\u00f5es comerciais.<\/p><\/div><\/div><\/div>\n\n\n\n<div class=\"wp-block-uagb-info-box uagb-block-0b1f3cb6 uagb-infobox__content-wrap  uagb-infobox-icon-above-title uagb-infobox-image-valign-top\"><div class=\"uagb-ifb-content\"><div class=\"uagb-ifb-title-wrap\"><\/div><\/div><\/div>\n<\/div>\n<\/div><\/div>\n\n\n\n<div class=\"wp-block-uagb-container uagb-block-1749c822 alignfull uagb-is-root-container\"><div class=\"uagb-container-inner-blocks-wrap\">\n<div class=\"wp-block-uagb-container uagb-block-21ac4d94\">\n<div class=\"wp-block-uagb-image alignright uagb-block-a208ed22 wp-block-uagb-image--layout-default wp-block-uagb-image--effect-static wp-block-uagb-image--align-right\"><figure class=\"wp-block-uagb-image__figure\"><img decoding=\"async\" srcset=\"https:\/\/leafstudio3d.com.br\/wp-content\/uploads\/2025\/11\/01-FINAL-1-1.jpg ,https:\/\/leafstudio3d.com.br\/wp-content\/uploads\/2025\/11\/01-FINAL-1-1.jpg 780w, https:\/\/leafstudio3d.com.br\/wp-content\/uploads\/2025\/11\/01-FINAL-1-1.jpg 360w\" sizes=\"auto, (max-width: 480px) 150px\" src=\"https:\/\/leafstudio3d.com.br\/wp-content\/uploads\/2025\/11\/01-FINAL-1-1.jpg\" alt=\"01 final 1\" class=\"uag-image-2929\" width=\"370\" height=\"500\" title=\"01 final 1\" loading=\"lazy\" role=\"img\"\/><\/figure><\/div>\n<\/div>\n\n\n\n<div class=\"wp-block-uagb-container uagb-block-9830ffbb\">\n<div class=\"wp-block-uagb-info-box uagb-block-34e7d3b4 uagb-infobox__content-wrap  uagb-infobox-icon-above-title uagb-infobox-image-valign-top\"><div class=\"uagb-ifb-content\"><div class=\"uagb-ifb-title-wrap\"><h4 class=\"uagb-ifb-title-prefix\">AUXILIO NAS DESIS\u00d5ES PROJETUAIS<\/h4><p class=\"uagb-ifb-title\">Transforme ideias em escolhas assertivas. Ajudamos arquitetos e incorporadoras a visualizar o resultado final antes da execu\u00e7\u00e3o, permitindo ajustes e aperfei\u00e7oamentos com seguran\u00e7a. Nossas imagens e estudos 3D otimizam o processo criativo e garantem decis\u00f5es mais precisas em cada etapa do projeto.<\/p><\/div><\/div><\/div>\n\n\n\n<div class=\"wp-block-uagb-info-box uagb-block-3f10e745 uagb-infobox__content-wrap  uagb-infobox-icon-above-title uagb-infobox-image-valign-top\"><div class=\"uagb-ifb-content\"><div class=\"uagb-ifb-title-wrap\"><\/div><\/div><\/div>\n<\/div>\n<\/div><\/div>\n","protected":false},"excerpt":{"rendered":"<p>Nossos Servi\u00e7os<\/p>\n","protected":false},"author":1,"featured_media":0,"parent":0,"menu_order":0,"comment_status":"closed","ping_status":"closed","template":"","meta":{"om_disable_all_campaigns":false,"_uag_custom_page_level_css":"","_monsterinsights_skip_tracking":false,"_monsterinsights_sitenote_active":false,"_monsterinsights_sitenote_note":"","_monsterinsights_sitenote_category":0,"site-sidebar-layout":"no-sidebar","site-content-layout":"page-builder","ast-site-content-layout":"full-width-container","site-content-style":"unboxed","site-sidebar-style":"unboxed","ast-global-header-display":"","ast-banner-title-visibility":"","ast-main-header-display":"","ast-hfb-above-header-display":"","ast-hfb-below-header-display":"","ast-hfb-mobile-header-display":"","site-post-title":"disabled","ast-breadcrumbs-content":"","ast-featured-img":"disabled","footer-sml-layout":"","ast-disable-related-posts":"","theme-transparent-header-meta":"enabled","adv-header-id-meta":"","stick-header-meta":"","header-above-stick-meta":"","header-main-stick-meta":"","header-below-stick-meta":"","astra-migrate-meta-layouts":"set","ast-page-background-enabled":"default","ast-page-background-meta":{"desktop":{"background-color":"var(--ast-global-color-4)","background-image":"","background-repeat":"repeat","background-position":"center center","background-size":"auto","background-attachment":"scroll","background-type":"","background-media":"","overlay-type":"","overlay-color":"","overlay-opacity":"","overlay-gradient":""},"tablet":{"background-color":"","background-image":"","background-repeat":"repeat","background-position":"center center","background-size":"auto","background-attachment":"scroll","background-type":"","background-media":"","overlay-type":"","overlay-color":"","overlay-opacity":"","overlay-gradient":""},"mobile":{"background-color":"","background-image":"","background-repeat":"repeat","background-position":"center center","background-size":"auto","background-attachment":"scroll","background-type":"","background-media":"","overlay-type":"","overlay-color":"","overlay-opacity":"","overlay-gradient":""}},"ast-content-background-meta":{"desktop":{"background-color":"var(--ast-global-color-5)","background-image":"","background-repeat":"repeat","background-position":"center center","background-size":"auto","background-attachment":"scroll","background-type":"","background-media":"","overlay-type":"","overlay-color":"","overlay-opacity":"","overlay-gradient":""},"tablet":{"background-color":"var(--ast-global-color-5)","background-image":"","background-repeat":"repeat","background-position":"center center","background-size":"auto","background-attachment":"scroll","background-type":"","background-media":"","overlay-type":"","overlay-color":"","overlay-opacity":"","overlay-gradient":""},"mobile":{"background-color":"var(--ast-global-color-5)","background-image":"","background-repeat":"repeat","background-position":"center center","background-size":"auto","background-attachment":"scroll","background-type":"","background-media":"","overlay-type":"","overlay-color":"","overlay-opacity":"","overlay-gradient":""}},"footnotes":""},"class_list":["post-1326","page","type-page","status-publish","hentry"],"aioseo_notices":[],"_hostinger_reach_plugin_has_subscription_block":false,"_hostinger_reach_plugin_is_elementor":false,"uagb_featured_image_src":{"full":false,"thumbnail":false,"medium":false,"medium_large":false,"large":false,"1536x1536":false,"2048x2048":false},"uagb_author_info":{"display_name":"leafstudio.arq@gmail.com","author_link":"https:\/\/leafstudio3d.com.br\/?author=1"},"uagb_comment_info":0,"uagb_excerpt":"Nossos Servi\u00e7os","_links":{"self":[{"href":"https:\/\/leafstudio3d.com.br\/index.php?rest_route=\/wp\/v2\/pages\/1326","targetHints":{"allow":["GET"]}}],"collection":[{"href":"https:\/\/leafstudio3d.com.br\/index.php?rest_route=\/wp\/v2\/pages"}],"about":[{"href":"https:\/\/leafstudio3d.com.br\/index.php?rest_route=\/wp\/v2\/types\/page"}],"author":[{"embeddable":true,"href":"https:\/\/leafstudio3d.com.br\/index.php?rest_route=\/wp\/v2\/users\/1"}],"replies":[{"embeddable":true,"href":"https:\/\/leafstudio3d.com.br\/index.php?rest_route=%2Fwp%2Fv2%2Fcomments&post=1326"}],"version-history":[{"count":17,"href":"https:\/\/leafstudio3d.com.br\/index.php?rest_route=\/wp\/v2\/pages\/1326\/revisions"}],"predecessor-version":[{"id":2982,"href":"https:\/\/leafstudio3d.com.br\/index.php?rest_route=\/wp\/v2\/pages\/1326\/revisions\/2982"}],"wp:attachment":[{"href":"https:\/\/leafstudio3d.com.br\/index.php?rest_route=%2Fwp%2Fv2%2Fmedia&parent=1326"}],"curies":[{"name":"wp","href":"https:\/\/api.w.org\/{rel}","templated":true}]}}