{"id":1324,"date":"2025-10-26T17:02:49","date_gmt":"2025-10-26T17:02:49","guid":{"rendered":"https:\/\/limegreen-emu-310413.hostingersite.com\/about\/"},"modified":"2025-11-01T16:29:13","modified_gmt":"2025-11-01T16:29:13","slug":"sobre","status":"publish","type":"page","link":"https:\/\/leafstudio3d.com.br\/?page_id=1324","title":{"rendered":"SOBRE"},"content":{"rendered":"\n<div class=\"wp-block-uagb-container uagb-block-3ad17e27 alignfull uagb-is-root-container\"><div class=\"uagb-container-inner-blocks-wrap\">\n<div class=\"wp-block-uagb-advanced-heading uagb-block-8a1eebc0\"><h1 class=\"uagb-heading-text\">SOBRE N\u00d3S<\/h1><\/div>\n<\/div><\/div>\n\n\n\n<div class=\"wp-block-uagb-container uagb-block-f8ec2bd3 alignfull uagb-is-root-container\"><div class=\"uagb-container-inner-blocks-wrap\">\n<div class=\"wp-block-uagb-advanced-heading uagb-block-e874992d\"><h4 class=\"uagb-heading-text\">No Leaf Studio 3D, somos uma equipe colaborativa e apaixonada por transformar ideias em imagens que inspiram. Cada projeto \u00e9 uma oportunidade de unir criatividade, t\u00e9cnica e prop\u00f3sito \u2014 sempre com o objetivo de entregar resultados que superem expectativas.<\/h4><\/div>\n\n\n\n<div class=\"wp-block-uagb-image aligncenter uagb-block-2d710799 wp-block-uagb-image--layout-default wp-block-uagb-image--effect-static wp-block-uagb-image--align-center\"><figure class=\"wp-block-uagb-image__figure\"><img decoding=\"async\" srcset=\"https:\/\/leafstudio3d.com.br\/wp-content\/uploads\/2025\/11\/ERWTG-FGDB-1-819x1024.jpg ,https:\/\/leafstudio3d.com.br\/wp-content\/uploads\/2025\/11\/ERWTG-FGDB-1.jpg 780w, https:\/\/leafstudio3d.com.br\/wp-content\/uploads\/2025\/11\/ERWTG-FGDB-1.jpg 360w\" sizes=\"auto, (max-width: 480px) 150px\" src=\"https:\/\/leafstudio3d.com.br\/wp-content\/uploads\/2025\/11\/ERWTG-FGDB-1-819x1024.jpg\" alt=\"erwtg fgdb\" class=\"uag-image-2905\" width=\"1170\" height=\"1006\" title=\"erwtg fgdb\" loading=\"lazy\" role=\"img\"\/><\/figure><\/div>\n\n\n\n<div class=\"wp-block-uagb-container uagb-block-72514f6d\">\n<div class=\"wp-block-uagb-advanced-heading uagb-block-b317ae0b\"><h3 class=\"uagb-heading-text\">NOSSA MISS\u00c3O<\/h3><p class=\"uagb-desc-text\">Acreditamos no poder da visualiza\u00e7\u00e3o para contar hist\u00f3rias, conectar pessoas e dar vida a projetos. Por isso, trabalhamos lado a lado com nossos clientes, buscando a melhor forma de representar cada detalhe com realismo, emo\u00e7\u00e3o e impacto visual.<\/p><\/div>\n\n\n\n<div class=\"wp-block-uagb-advanced-heading uagb-block-3b00767d\"><h3 class=\"uagb-heading-text\">NOSSOS VALORES<\/h3><p class=\"uagb-desc-text\">Nosso compromisso \u00e9 com a excel\u00eancia, a inova\u00e7\u00e3o e a sustentabilidade, criando solu\u00e7\u00f5es visuais que agregam valor e despertam sensa\u00e7\u00f5es \u2014 do conceito \u00e0 entrega final.<\/p><\/div>\n<\/div>\n<\/div><\/div>\n","protected":false},"excerpt":{"rendered":"<p>SOBRE N\u00d3S No Leaf Studio 3D, somos uma equipe colaborativa e apaixonada por transformar ideias em imagens que inspiram. Cada projeto \u00e9 uma oportunidade de unir criatividade, t\u00e9cnica e prop\u00f3sito \u2014 sempre com o objetivo de entregar resultados que superem expectativas. NOSSA MISS\u00c3O Acreditamos no poder da visualiza\u00e7\u00e3o para contar hist\u00f3rias, conectar pessoas e dar [&hellip;]<\/p>\n","protected":false},"author":1,"featured_media":0,"parent":0,"menu_order":0,"comment_status":"closed","ping_status":"closed","template":"","meta":{"om_disable_all_campaigns":false,"_uag_custom_page_level_css":"","_monsterinsights_skip_tracking":false,"_monsterinsights_sitenote_active":false,"_monsterinsights_sitenote_note":"","_monsterinsights_sitenote_category":0,"site-sidebar-layout":"no-sidebar","site-content-layout":"page-builder","ast-site-content-layout":"full-width-container","site-content-style":"unboxed","site-sidebar-style":"default","ast-global-header-display":"","ast-banner-title-visibility":"","ast-main-header-display":"","ast-hfb-above-header-display":"","ast-hfb-below-header-display":"","ast-hfb-mobile-header-display":"","site-post-title":"disabled","ast-breadcrumbs-content":"","ast-featured-img":"disabled","footer-sml-layout":"","ast-disable-related-posts":"","theme-transparent-header-meta":"enabled","adv-header-id-meta":"","stick-header-meta":"","header-above-stick-meta":"","header-main-stick-meta":"","header-below-stick-meta":"","astra-migrate-meta-layouts":"set","ast-page-background-enabled":"default","ast-page-background-meta":{"desktop":{"background-color":"var(--ast-global-color-4)","background-image":"","background-repeat":"repeat","background-position":"center center","background-size":"auto","background-attachment":"scroll","background-type":"","background-media":"","overlay-type":"","overlay-color":"","overlay-opacity":"","overlay-gradient":""},"tablet":{"background-color":"","background-image":"","background-repeat":"repeat","background-position":"center center","background-size":"auto","background-attachment":"scroll","background-type":"","background-media":"","overlay-type":"","overlay-color":"","overlay-opacity":"","overlay-gradient":""},"mobile":{"background-color":"","background-image":"","background-repeat":"repeat","background-position":"center center","background-size":"auto","background-attachment":"scroll","background-type":"","background-media":"","overlay-type":"","overlay-color":"","overlay-opacity":"","overlay-gradient":""}},"ast-content-background-meta":{"desktop":{"background-color":"var(--ast-global-color-5)","background-image":"","background-repeat":"repeat","background-position":"center center","background-size":"auto","background-attachment":"scroll","background-type":"","background-media":"","overlay-type":"","overlay-color":"","overlay-opacity":"","overlay-gradient":""},"tablet":{"background-color":"var(--ast-global-color-5)","background-image":"","background-repeat":"repeat","background-position":"center center","background-size":"auto","background-attachment":"scroll","background-type":"","background-media":"","overlay-type":"","overlay-color":"","overlay-opacity":"","overlay-gradient":""},"mobile":{"background-color":"var(--ast-global-color-5)","background-image":"","background-repeat":"repeat","background-position":"center center","background-size":"auto","background-attachment":"scroll","background-type":"","background-media":"","overlay-type":"","overlay-color":"","overlay-opacity":"","overlay-gradient":""}},"footnotes":""},"class_list":["post-1324","page","type-page","status-publish","hentry"],"aioseo_notices":[],"_hostinger_reach_plugin_has_subscription_block":false,"_hostinger_reach_plugin_is_elementor":false,"uagb_featured_image_src":{"full":false,"thumbnail":false,"medium":false,"medium_large":false,"large":false,"1536x1536":false,"2048x2048":false},"uagb_author_info":{"display_name":"leafstudio.arq@gmail.com","author_link":"https:\/\/leafstudio3d.com.br\/?author=1"},"uagb_comment_info":0,"uagb_excerpt":"SOBRE N\u00d3S No Leaf Studio 3D, somos uma equipe colaborativa e apaixonada por transformar ideias em imagens que inspiram. Cada projeto \u00e9 uma oportunidade de unir criatividade, t\u00e9cnica e prop\u00f3sito \u2014 sempre com o objetivo de entregar resultados que superem expectativas. NOSSA MISS\u00c3O Acreditamos no poder da visualiza\u00e7\u00e3o para contar hist\u00f3rias, conectar pessoas e dar&hellip;","_links":{"self":[{"href":"https:\/\/leafstudio3d.com.br\/index.php?rest_route=\/wp\/v2\/pages\/1324","targetHints":{"allow":["GET"]}}],"collection":[{"href":"https:\/\/leafstudio3d.com.br\/index.php?rest_route=\/wp\/v2\/pages"}],"about":[{"href":"https:\/\/leafstudio3d.com.br\/index.php?rest_route=\/wp\/v2\/types\/page"}],"author":[{"embeddable":true,"href":"https:\/\/leafstudio3d.com.br\/index.php?rest_route=\/wp\/v2\/users\/1"}],"replies":[{"embeddable":true,"href":"https:\/\/leafstudio3d.com.br\/index.php?rest_route=%2Fwp%2Fv2%2Fcomments&post=1324"}],"version-history":[{"count":4,"href":"https:\/\/leafstudio3d.com.br\/index.php?rest_route=\/wp\/v2\/pages\/1324\/revisions"}],"predecessor-version":[{"id":2987,"href":"https:\/\/leafstudio3d.com.br\/index.php?rest_route=\/wp\/v2\/pages\/1324\/revisions\/2987"}],"wp:attachment":[{"href":"https:\/\/leafstudio3d.com.br\/index.php?rest_route=%2Fwp%2Fv2%2Fmedia&parent=1324"}],"curies":[{"name":"wp","href":"https:\/\/api.w.org\/{rel}","templated":true}]}}